{"id":363,"date":"2021-06-15T20:42:53","date_gmt":"2021-06-16T01:42:53","guid":{"rendered":"https:\/\/joyitasparejas.com\/?post_type=product&#038;p=363"},"modified":"2026-04-26T07:11:48","modified_gmt":"2026-04-26T12:11:48","slug":"anillos-arenado","status":"publish","type":"product","link":"https:\/\/joyitasparejas.com\/index.php\/producto\/anillos-arenado\/","title":{"rendered":"Anillos Arenado"},"content":{"rendered":"","protected":false},"excerpt":{"rendered":"<p>Finos y elegantes anillos.<\/p>\n<p>\u2b50\ufe0fPRECIO:200 soles el par en cualquier modelo<\/p>\n<p>\ud83d\udc8eElegantes y finos anillos de compromiso en acero quir\u00fargico ba\u00f1ados en oro 24 Kilates con piedra brillante en Circ\u00f3n blanco.<\/p>\n<p>\ud83d\udc8dson antialergicos no se oxidan. No pierden el color ni se rayan f\u00e1cilmente.<\/p>\n<p>\u2665\ufe0fDisponibles en todas las tallas en stock.<\/p>\n<p>\ud83d\ude03Entrega inmediata<\/p>\n","protected":false},"featured_media":369,"comment_status":"open","ping_status":"closed","template":"","meta":[],"class_list":["post-363","product","type-product","status-publish","has-post-thumbnail","hentry","product_cat-anillos-con-oro"],"yoast_head":"<!-- This site is optimized with the Yoast SEO plugin v16.3 - https:\/\/yoast.com\/wordpress\/plugins\/seo\/ -->\n<title>Anillos Arenado - JOYITAS<\/title>\n<meta name=\"robots\" content=\"index, follow, max-snippet:-1, max-image-preview:large, max-video-preview:-1\" \/>\n<link rel=\"canonical\" href=\"https:\/\/joyitasparejas.com\/index.php\/producto\/anillos-arenado\/\" \/>\n<meta property=\"og:locale\" content=\"es_ES\" \/>\n<meta property=\"og:type\" content=\"article\" \/>\n<meta property=\"og:title\" content=\"Anillos Arenado - JOYITAS\" \/>\n<meta property=\"og:description\" content=\"Finos y elegantes anillos.  \u2b50\ufe0fPRECIO:200 soles el par en cualquier modelo  \ud83d\udc8eElegantes y finos anillos de compromiso en acero quir\u00fargico ba\u00f1ados en oro 24 Kilates con piedra brillante en Circ\u00f3n blanco.  \ud83d\udc8dson antialergicos no se oxidan. No pierden el color ni se rayan f\u00e1cilmente.  \u2665\ufe0fDisponibles en todas las tallas en stock.  \ud83d\ude03Entrega inmediata\" \/>\n<meta property=\"og:url\" content=\"https:\/\/joyitasparejas.com\/index.php\/producto\/anillos-arenado\/\" \/>\n<meta property=\"og:site_name\" content=\"JOYITAS\" \/>\n<meta property=\"article:modified_time\" content=\"2026-04-26T12:11:48+00:00\" \/>\n<meta property=\"og:image\" content=\"http:\/\/joyitasparejas.com\/wp-content\/uploads\/2021\/06\/GTJ-MBs-1008-y-1.jpg\" \/>\n\t<meta property=\"og:image:width\" content=\"1144\" \/>\n\t<meta property=\"og:image:height\" content=\"876\" \/>\n<meta name=\"twitter:card\" content=\"summary_large_image\" \/>\n<script type=\"application\/ld+json\" class=\"yoast-schema-graph\">{\"@context\":\"https:\/\/schema.org\",\"@graph\":[{\"@type\":\"WebSite\",\"@id\":\"https:\/\/joyitasparejas.com\/#website\",\"url\":\"https:\/\/joyitasparejas.com\/\",\"name\":\"JOYITAS\",\"description\":\"JOYITAS PERU\",\"potentialAction\":[{\"@type\":\"SearchAction\",\"target\":\"https:\/\/joyitasparejas.com\/?s={search_term_string}\",\"query-input\":\"required name=search_term_string\"}],\"inLanguage\":\"es\"},{\"@type\":\"ImageObject\",\"@id\":\"https:\/\/joyitasparejas.com\/index.php\/producto\/anillos-arenado\/#primaryimage\",\"inLanguage\":\"es\",\"url\":\"https:\/\/joyitasparejas.com\/wp-content\/uploads\/2021\/06\/GTJ-MBs-1008-y-1.jpg\",\"contentUrl\":\"https:\/\/joyitasparejas.com\/wp-content\/uploads\/2021\/06\/GTJ-MBs-1008-y-1.jpg\",\"width\":1144,\"height\":876},{\"@type\":\"WebPage\",\"@id\":\"https:\/\/joyitasparejas.com\/index.php\/producto\/anillos-arenado\/#webpage\",\"url\":\"https:\/\/joyitasparejas.com\/index.php\/producto\/anillos-arenado\/\",\"name\":\"Anillos Arenado - JOYITAS\",\"isPartOf\":{\"@id\":\"https:\/\/joyitasparejas.com\/#website\"},\"primaryImageOfPage\":{\"@id\":\"https:\/\/joyitasparejas.com\/index.php\/producto\/anillos-arenado\/#primaryimage\"},\"datePublished\":\"2021-06-16T01:42:53+00:00\",\"dateModified\":\"2026-04-26T12:11:48+00:00\",\"breadcrumb\":{\"@id\":\"https:\/\/joyitasparejas.com\/index.php\/producto\/anillos-arenado\/#breadcrumb\"},\"inLanguage\":\"es\",\"potentialAction\":[{\"@type\":\"ReadAction\",\"target\":[\"https:\/\/joyitasparejas.com\/index.php\/producto\/anillos-arenado\/\"]}]},{\"@type\":\"BreadcrumbList\",\"@id\":\"https:\/\/joyitasparejas.com\/index.php\/producto\/anillos-arenado\/#breadcrumb\",\"itemListElement\":[{\"@type\":\"ListItem\",\"position\":1,\"item\":{\"@type\":\"WebPage\",\"@id\":\"https:\/\/joyitasparejas.com\/\",\"url\":\"https:\/\/joyitasparejas.com\/\",\"name\":\"Portada\"}},{\"@type\":\"ListItem\",\"position\":2,\"item\":{\"@type\":\"WebPage\",\"@id\":\"https:\/\/joyitasparejas.com\/\",\"url\":\"https:\/\/joyitasparejas.com\/\",\"name\":\"Tienda Virtual Joyitas Parejas (Anillos compromiso, aros matrimonio, alianzas enamorados, pedida de mano&#8230;)\"}},{\"@type\":\"ListItem\",\"position\":3,\"item\":{\"@id\":\"https:\/\/joyitasparejas.com\/index.php\/producto\/anillos-arenado\/#webpage\"}}]}]}<\/script>\n<!-- \/ Yoast SEO plugin. -->","_links":{"self":[{"href":"https:\/\/joyitasparejas.com\/index.php\/wp-json\/wp\/v2\/product\/363","targetHints":{"allow":["GET"]}}],"collection":[{"href":"https:\/\/joyitasparejas.com\/index.php\/wp-json\/wp\/v2\/product"}],"about":[{"href":"https:\/\/joyitasparejas.com\/index.php\/wp-json\/wp\/v2\/types\/product"}],"replies":[{"embeddable":true,"href":"https:\/\/joyitasparejas.com\/index.php\/wp-json\/wp\/v2\/comments?post=363"}],"wp:featuredmedia":[{"embeddable":true,"href":"https:\/\/joyitasparejas.com\/index.php\/wp-json\/wp\/v2\/media\/369"}],"wp:attachment":[{"href":"https:\/\/joyitasparejas.com\/index.php\/wp-json\/wp\/v2\/media?parent=363"}],"curies":[{"name":"wp","href":"https:\/\/api.w.org\/{rel}","templated":true}]}}