{"id":264,"date":"2020-12-29T04:31:16","date_gmt":"2020-12-29T04:31:16","guid":{"rendered":"http:\/\/joyitas.mooo.com\/?post_type=product&#038;p=264"},"modified":"2021-01-04T03:14:21","modified_gmt":"2021-01-04T03:14:21","slug":"collares-pareja6","status":"publish","type":"product","link":"https:\/\/joyitasparejas.com\/index.php\/producto\/collares-pareja6\/","title":{"rendered":"Collares Pareja6"},"content":{"rendered":"","protected":false},"excerpt":{"rendered":"<p>Bellos y finos collares con dijes de parejas que representan uni\u00f3n y amor<\/p>\n<p>PRECIO: 50 soles el par en cualquier modelo<\/p>\n<p>MATERIAL: acero quir\u00fargico antialergicos ba\u00f1ados en oro 18k y peque\u00f1as piedras en circones brillantes<\/p>\n<p>incluye:<\/p>\n<p>&#8211; 2 dijes<\/p>\n<p>&#8211; 2 cadenas<\/p>\n<p>&#8211; 1 estuche de regalo<\/p>\n","protected":false},"featured_media":284,"comment_status":"open","ping_status":"closed","template":"","meta":[],"class_list":["post-264","product","type-product","status-publish","has-post-thumbnail","hentry","product_cat-collares-de-pareja"],"yoast_head":"<!-- This site is optimized with the Yoast SEO plugin v16.3 - https:\/\/yoast.com\/wordpress\/plugins\/seo\/ -->\n<title>Collares Pareja6 - JOYITAS<\/title>\n<meta name=\"robots\" content=\"index, follow, max-snippet:-1, max-image-preview:large, max-video-preview:-1\" \/>\n<link rel=\"canonical\" href=\"https:\/\/joyitasparejas.com\/index.php\/producto\/collares-pareja6\/\" \/>\n<meta property=\"og:locale\" content=\"es_ES\" \/>\n<meta property=\"og:type\" content=\"article\" \/>\n<meta property=\"og:title\" content=\"Collares Pareja6 - JOYITAS\" \/>\n<meta property=\"og:description\" content=\"Bellos y finos collares con dijes de parejas que representan uni\u00f3n y amor  PRECIO: 50 soles el par en cualquier modelo  MATERIAL: acero quir\u00fargico antialergicos ba\u00f1ados en oro 18k y peque\u00f1as piedras en circones brillantes  incluye:  - 2 dijes  - 2 cadenas  - 1 estuche de regalo\" \/>\n<meta property=\"og:url\" content=\"https:\/\/joyitasparejas.com\/index.php\/producto\/collares-pareja6\/\" \/>\n<meta property=\"og:site_name\" content=\"JOYITAS\" \/>\n<meta property=\"article:modified_time\" content=\"2021-01-04T03:14:21+00:00\" \/>\n<meta property=\"og:image\" content=\"https:\/\/joyitas.mooo.com\/wp-content\/uploads\/2020\/12\/20201225_230113-scaled.jpg\" \/>\n\t<meta property=\"og:image:width\" content=\"2145\" \/>\n\t<meta property=\"og:image:height\" content=\"2560\" \/>\n<meta name=\"twitter:card\" content=\"summary_large_image\" \/>\n<script type=\"application\/ld+json\" class=\"yoast-schema-graph\">{\"@context\":\"https:\/\/schema.org\",\"@graph\":[{\"@type\":\"WebSite\",\"@id\":\"https:\/\/joyitasparejas.com\/#website\",\"url\":\"https:\/\/joyitasparejas.com\/\",\"name\":\"JOYITAS\",\"description\":\"JOYITAS PERU\",\"potentialAction\":[{\"@type\":\"SearchAction\",\"target\":\"https:\/\/joyitasparejas.com\/?s={search_term_string}\",\"query-input\":\"required name=search_term_string\"}],\"inLanguage\":\"es\"},{\"@type\":\"ImageObject\",\"@id\":\"https:\/\/joyitasparejas.com\/index.php\/producto\/collares-pareja6\/#primaryimage\",\"inLanguage\":\"es\",\"url\":\"https:\/\/joyitasparejas.com\/wp-content\/uploads\/2020\/12\/20201225_230113-scaled.jpg\",\"contentUrl\":\"https:\/\/joyitasparejas.com\/wp-content\/uploads\/2020\/12\/20201225_230113-scaled.jpg\",\"width\":2145,\"height\":2560},{\"@type\":\"WebPage\",\"@id\":\"https:\/\/joyitasparejas.com\/index.php\/producto\/collares-pareja6\/#webpage\",\"url\":\"https:\/\/joyitasparejas.com\/index.php\/producto\/collares-pareja6\/\",\"name\":\"Collares Pareja6 - JOYITAS\",\"isPartOf\":{\"@id\":\"https:\/\/joyitasparejas.com\/#website\"},\"primaryImageOfPage\":{\"@id\":\"https:\/\/joyitasparejas.com\/index.php\/producto\/collares-pareja6\/#primaryimage\"},\"datePublished\":\"2020-12-29T04:31:16+00:00\",\"dateModified\":\"2021-01-04T03:14:21+00:00\",\"breadcrumb\":{\"@id\":\"https:\/\/joyitasparejas.com\/index.php\/producto\/collares-pareja6\/#breadcrumb\"},\"inLanguage\":\"es\",\"potentialAction\":[{\"@type\":\"ReadAction\",\"target\":[\"https:\/\/joyitasparejas.com\/index.php\/producto\/collares-pareja6\/\"]}]},{\"@type\":\"BreadcrumbList\",\"@id\":\"https:\/\/joyitasparejas.com\/index.php\/producto\/collares-pareja6\/#breadcrumb\",\"itemListElement\":[{\"@type\":\"ListItem\",\"position\":1,\"item\":{\"@type\":\"WebPage\",\"@id\":\"https:\/\/joyitasparejas.com\/\",\"url\":\"https:\/\/joyitasparejas.com\/\",\"name\":\"Portada\"}},{\"@type\":\"ListItem\",\"position\":2,\"item\":{\"@type\":\"WebPage\",\"@id\":\"https:\/\/joyitasparejas.com\/\",\"url\":\"https:\/\/joyitasparejas.com\/\",\"name\":\"Tienda Virtual Joyitas Parejas (Anillos compromiso, aros matrimonio, alianzas enamorados, pedida de mano&#8230;)\"}},{\"@type\":\"ListItem\",\"position\":3,\"item\":{\"@id\":\"https:\/\/joyitasparejas.com\/index.php\/producto\/collares-pareja6\/#webpage\"}}]}]}<\/script>\n<!-- \/ Yoast SEO plugin. -->","_links":{"self":[{"href":"https:\/\/joyitasparejas.com\/index.php\/wp-json\/wp\/v2\/product\/264","targetHints":{"allow":["GET"]}}],"collection":[{"href":"https:\/\/joyitasparejas.com\/index.php\/wp-json\/wp\/v2\/product"}],"about":[{"href":"https:\/\/joyitasparejas.com\/index.php\/wp-json\/wp\/v2\/types\/product"}],"replies":[{"embeddable":true,"href":"https:\/\/joyitasparejas.com\/index.php\/wp-json\/wp\/v2\/comments?post=264"}],"wp:featuredmedia":[{"embeddable":true,"href":"https:\/\/joyitasparejas.com\/index.php\/wp-json\/wp\/v2\/media\/284"}],"wp:attachment":[{"href":"https:\/\/joyitasparejas.com\/index.php\/wp-json\/wp\/v2\/media?parent=264"}],"curies":[{"name":"wp","href":"https:\/\/api.w.org\/{rel}","templated":true}]}}