{"id":210,"date":"2020-12-29T02:53:47","date_gmt":"2020-12-29T02:53:47","guid":{"rendered":"http:\/\/joyitas.mooo.com\/?post_type=product&#038;p=210"},"modified":"2026-02-11T12:22:03","modified_gmt":"2026-02-11T17:22:03","slug":"anillos-rayitas","status":"publish","type":"product","link":"https:\/\/joyitasparejas.com\/index.php\/producto\/anillos-rayitas\/","title":{"rendered":"Anillos rayitas"},"content":{"rendered":"","protected":false},"excerpt":{"rendered":"<p>Finos y elegantes anillos.<\/p>\n<p>\u2b50\ufe0fPRECIO: 100 soles el par en cualquier modelo<\/p>\n<p>\ud83d\udc8eElegantes y finos anillos de compromiso en acero quir\u00fargico ba\u00f1ados en oro 18 Kilates con piedra brillante en Circ\u00f3n blanco.<\/p>\n<p>\ud83d\udc8dson antialergicos no se oxidan. No pierden el color ni se rayan f\u00e1cilmente.<\/p>\n<p>\u2665\ufe0fDisponibles en todas las tallas en stock.<\/p>\n<p>\ud83d\ude03Entrega inmediata<\/p>\n","protected":false},"featured_media":212,"comment_status":"open","ping_status":"closed","template":"","meta":[],"class_list":["post-210","product","type-product","status-publish","has-post-thumbnail","hentry","product_cat-anillos-con-oro"],"yoast_head":"<!-- This site is optimized with the Yoast SEO plugin v16.3 - https:\/\/yoast.com\/wordpress\/plugins\/seo\/ -->\n<title>Anillos rayitas - JOYITAS<\/title>\n<meta name=\"robots\" content=\"index, follow, max-snippet:-1, max-image-preview:large, max-video-preview:-1\" \/>\n<link rel=\"canonical\" href=\"https:\/\/joyitasparejas.com\/index.php\/producto\/anillos-rayitas\/\" \/>\n<meta property=\"og:locale\" content=\"es_ES\" \/>\n<meta property=\"og:type\" content=\"article\" \/>\n<meta property=\"og:title\" content=\"Anillos rayitas - JOYITAS\" \/>\n<meta property=\"og:description\" content=\"Finos y elegantes anillos.  \u2b50\ufe0fPRECIO: 100 soles el par en cualquier modelo  \ud83d\udc8eElegantes y finos anillos de compromiso en acero quir\u00fargico ba\u00f1ados en oro 18 Kilates con piedra brillante en Circ\u00f3n blanco.  \ud83d\udc8dson antialergicos no se oxidan. No pierden el color ni se rayan f\u00e1cilmente.  \u2665\ufe0fDisponibles en todas las tallas en stock.  \ud83d\ude03Entrega inmediata\" \/>\n<meta property=\"og:url\" content=\"https:\/\/joyitasparejas.com\/index.php\/producto\/anillos-rayitas\/\" \/>\n<meta property=\"og:site_name\" content=\"JOYITAS\" \/>\n<meta property=\"article:modified_time\" content=\"2026-02-11T17:22:03+00:00\" \/>\n<meta property=\"og:image\" content=\"https:\/\/joyitas.mooo.com\/wp-content\/uploads\/2020\/12\/images-2.jpg\" \/>\n\t<meta property=\"og:image:width\" content=\"359\" \/>\n\t<meta property=\"og:image:height\" content=\"336\" \/>\n<meta name=\"twitter:card\" content=\"summary_large_image\" \/>\n<script type=\"application\/ld+json\" class=\"yoast-schema-graph\">{\"@context\":\"https:\/\/schema.org\",\"@graph\":[{\"@type\":\"WebSite\",\"@id\":\"https:\/\/joyitasparejas.com\/#website\",\"url\":\"https:\/\/joyitasparejas.com\/\",\"name\":\"JOYITAS\",\"description\":\"JOYITAS PERU\",\"potentialAction\":[{\"@type\":\"SearchAction\",\"target\":\"https:\/\/joyitasparejas.com\/?s={search_term_string}\",\"query-input\":\"required name=search_term_string\"}],\"inLanguage\":\"es\"},{\"@type\":\"ImageObject\",\"@id\":\"https:\/\/joyitasparejas.com\/index.php\/producto\/anillos-rayitas\/#primaryimage\",\"inLanguage\":\"es\",\"url\":\"https:\/\/joyitasparejas.com\/wp-content\/uploads\/2020\/12\/images-2.jpg\",\"contentUrl\":\"https:\/\/joyitasparejas.com\/wp-content\/uploads\/2020\/12\/images-2.jpg\",\"width\":359,\"height\":336},{\"@type\":\"WebPage\",\"@id\":\"https:\/\/joyitasparejas.com\/index.php\/producto\/anillos-rayitas\/#webpage\",\"url\":\"https:\/\/joyitasparejas.com\/index.php\/producto\/anillos-rayitas\/\",\"name\":\"Anillos rayitas - JOYITAS\",\"isPartOf\":{\"@id\":\"https:\/\/joyitasparejas.com\/#website\"},\"primaryImageOfPage\":{\"@id\":\"https:\/\/joyitasparejas.com\/index.php\/producto\/anillos-rayitas\/#primaryimage\"},\"datePublished\":\"2020-12-29T02:53:47+00:00\",\"dateModified\":\"2026-02-11T17:22:03+00:00\",\"breadcrumb\":{\"@id\":\"https:\/\/joyitasparejas.com\/index.php\/producto\/anillos-rayitas\/#breadcrumb\"},\"inLanguage\":\"es\",\"potentialAction\":[{\"@type\":\"ReadAction\",\"target\":[\"https:\/\/joyitasparejas.com\/index.php\/producto\/anillos-rayitas\/\"]}]},{\"@type\":\"BreadcrumbList\",\"@id\":\"https:\/\/joyitasparejas.com\/index.php\/producto\/anillos-rayitas\/#breadcrumb\",\"itemListElement\":[{\"@type\":\"ListItem\",\"position\":1,\"item\":{\"@type\":\"WebPage\",\"@id\":\"https:\/\/joyitasparejas.com\/\",\"url\":\"https:\/\/joyitasparejas.com\/\",\"name\":\"Portada\"}},{\"@type\":\"ListItem\",\"position\":2,\"item\":{\"@type\":\"WebPage\",\"@id\":\"https:\/\/joyitasparejas.com\/\",\"url\":\"https:\/\/joyitasparejas.com\/\",\"name\":\"Tienda Virtual Joyitas Parejas (Anillos compromiso, aros matrimonio, alianzas enamorados, pedida de mano&#8230;)\"}},{\"@type\":\"ListItem\",\"position\":3,\"item\":{\"@id\":\"https:\/\/joyitasparejas.com\/index.php\/producto\/anillos-rayitas\/#webpage\"}}]}]}<\/script>\n<!-- \/ Yoast SEO plugin. -->","_links":{"self":[{"href":"https:\/\/joyitasparejas.com\/index.php\/wp-json\/wp\/v2\/product\/210","targetHints":{"allow":["GET"]}}],"collection":[{"href":"https:\/\/joyitasparejas.com\/index.php\/wp-json\/wp\/v2\/product"}],"about":[{"href":"https:\/\/joyitasparejas.com\/index.php\/wp-json\/wp\/v2\/types\/product"}],"replies":[{"embeddable":true,"href":"https:\/\/joyitasparejas.com\/index.php\/wp-json\/wp\/v2\/comments?post=210"}],"wp:featuredmedia":[{"embeddable":true,"href":"https:\/\/joyitasparejas.com\/index.php\/wp-json\/wp\/v2\/media\/212"}],"wp:attachment":[{"href":"https:\/\/joyitasparejas.com\/index.php\/wp-json\/wp\/v2\/media?parent=210"}],"curies":[{"name":"wp","href":"https:\/\/api.w.org\/{rel}","templated":true}]}}