{"id":30,"date":"2020-12-20T00:14:41","date_gmt":"2020-12-20T00:14:41","guid":{"rendered":"http:\/\/joyitas.mooo.com\/?page_id=30"},"modified":"2021-06-15T22:18:59","modified_gmt":"2021-06-16T03:18:59","slug":"inicio-pagina-principal","status":"publish","type":"page","link":"https:\/\/joyitasparejas.com\/index.php\/inicio-pagina-principal\/","title":{"rendered":"Inicio"},"content":{"rendered":"\t\t<div data-elementor-type=\"wp-page\" data-elementor-id=\"30\" class=\"elementor elementor-30\" data-elementor-settings=\"[]\">\n\t\t\t\t\t\t<div class=\"elementor-inner\">\n\t\t\t\t\t\t\t<div class=\"elementor-section-wrap\">\n\t\t\t\t\t\t\t<section class=\"elementor-section elementor-top-section elementor-element elementor-element-7e46842d elementor-section-content-middle elementor-section-boxed elementor-section-height-default elementor-section-height-default\" data-id=\"7e46842d\" data-element_type=\"section\" data-settings=\"{&quot;background_background&quot;:&quot;classic&quot;}\">\n\t\t\t\t\t\t\t<div class=\"elementor-background-overlay\"><\/div>\n\t\t\t\t\t\t\t<div class=\"elementor-container elementor-column-gap-no\">\n\t\t\t\t\t\t\t<div class=\"elementor-row\">\n\t\t\t\t\t<div class=\"elementor-column elementor-col-100 elementor-top-column elementor-element elementor-element-11694939\" data-id=\"11694939\" data-element_type=\"column\">\n\t\t\t<div class=\"elementor-column-wrap elementor-element-populated\">\n\t\t\t\t\t\t\t<div class=\"elementor-widget-wrap\">\n\t\t\t\t\t\t<div class=\"elementor-element elementor-element-6054979 elementor-widget elementor-widget-heading\" data-id=\"6054979\" data-element_type=\"widget\" data-widget_type=\"heading.default\">\n\t\t\t\t<div class=\"elementor-widget-container\">\n\t\t\t<h4 class=\"elementor-heading-title elementor-size-default\">Compra en L\u00ednea<\/h4>\t\t<\/div>\n\t\t\t\t<\/div>\n\t\t\t\t<div class=\"elementor-element elementor-element-2abf7f8 elementor-widget elementor-widget-heading\" data-id=\"2abf7f8\" data-element_type=\"widget\" data-widget_type=\"heading.default\">\n\t\t\t\t<div class=\"elementor-widget-container\">\n\t\t\t<h4 class=\"elementor-heading-title elementor-size-default\">Tu tienda para comprar en l\u00ednea lo que m\u00e1s te gusta...<\/h4>\t\t<\/div>\n\t\t\t\t<\/div>\n\t\t\t\t<div class=\"elementor-element elementor-element-1fe95df9 elementor-align-center elementor-widget elementor-widget-button\" data-id=\"1fe95df9\" data-element_type=\"widget\" data-widget_type=\"button.default\">\n\t\t\t\t<div class=\"elementor-widget-container\">\n\t\t\t\t\t<div class=\"elementor-button-wrapper\">\n\t\t\t<a href=\"index.php\/tienda\/\" class=\"elementor-button-link elementor-button elementor-size-sm elementor-animation-grow\" role=\"button\">\n\t\t\t\t\t\t<span class=\"elementor-button-content-wrapper\">\n\t\t\t\t\t\t<span class=\"elementor-button-text\">COMPRAR AHORA<\/span>\n\t\t<\/span>\n\t\t\t\t\t<\/a>\n\t\t<\/div>\n\t\t\t\t<\/div>\n\t\t\t\t<\/div>\n\t\t\t\t\t\t<\/div>\n\t\t\t\t\t<\/div>\n\t\t<\/div>\n\t\t\t\t\t\t\t\t<\/div>\n\t\t\t\t\t<\/div>\n\t\t<\/section>\n\t\t\t\t<section class=\"elementor-section elementor-top-section elementor-element elementor-element-66b1b472 elementor-section-content-middle elementor-section-boxed elementor-section-height-default elementor-section-height-default\" data-id=\"66b1b472\" data-element_type=\"section\">\n\t\t\t\t\t\t<div class=\"elementor-container elementor-column-gap-no\">\n\t\t\t\t\t\t\t<div class=\"elementor-row\">\n\t\t\t\t\t<div class=\"elementor-column elementor-col-100 elementor-top-column elementor-element elementor-element-75d42070\" data-id=\"75d42070\" data-element_type=\"column\">\n\t\t\t<div class=\"elementor-column-wrap elementor-element-populated\">\n\t\t\t\t\t\t\t<div class=\"elementor-widget-wrap\">\n\t\t\t\t\t\t<section class=\"elementor-section elementor-inner-section elementor-element elementor-element-609850ce elementor-section-boxed elementor-section-height-default elementor-section-height-default\" data-id=\"609850ce\" data-element_type=\"section\">\n\t\t\t\t\t\t<div class=\"elementor-container elementor-column-gap-wider\">\n\t\t\t\t\t\t\t<div class=\"elementor-row\">\n\t\t\t\t\t<div class=\"elementor-column elementor-col-33 elementor-inner-column elementor-element elementor-element-234e3760\" data-id=\"234e3760\" data-element_type=\"column\">\n\t\t\t<div class=\"elementor-column-wrap elementor-element-populated\">\n\t\t\t\t\t\t\t<div class=\"elementor-widget-wrap\">\n\t\t\t\t\t\t<div class=\"elementor-element elementor-element-63c5ffb elementor-widget elementor-widget-image\" data-id=\"63c5ffb\" data-element_type=\"widget\" data-widget_type=\"image.default\">\n\t\t\t\t<div class=\"elementor-widget-container\">\n\t\t\t\t\t<div class=\"elementor-image\">\n\t\t\t\t\t\t\t\t\t\t<img loading=\"lazy\" decoding=\"async\" width=\"646\" height=\"586\" src=\"https:\/\/joyitasparejas.com\/wp-content\/uploads\/2020\/12\/tienda3.jpeg\" class=\"attachment-large size-large\" alt=\"\" srcset=\"https:\/\/joyitasparejas.com\/wp-content\/uploads\/2020\/12\/tienda3.jpeg 646w, https:\/\/joyitasparejas.com\/wp-content\/uploads\/2020\/12\/tienda3-600x544.jpeg 600w, https:\/\/joyitasparejas.com\/wp-content\/uploads\/2020\/12\/tienda3-300x272.jpeg 300w\" sizes=\"auto, (max-width: 646px) 100vw, 646px\" \/>\t\t\t\t\t\t\t\t\t\t\t<\/div>\n\t\t\t\t<\/div>\n\t\t\t\t<\/div>\n\t\t\t\t<div class=\"elementor-element elementor-element-22e15f3a elementor-view-stacked elementor-vertical-align-top elementor-widget elementor-widget-icon-box\" data-id=\"22e15f3a\" data-element_type=\"widget\" data-widget_type=\"icon-box.default\">\n\t\t\t\t<div class=\"elementor-widget-container\">\n\t\t\t\t\t<div class=\"elementor-icon-box-wrapper\">\n\t\t\t\t\t\t<div class=\"elementor-icon-box-content\">\n\t\t\t\t<h3 class=\"elementor-icon-box-title\">\n\t\t\t\t\t<span >Anillos Acero<\/span>\n\t\t\t\t<\/h3>\n\t\t\t\t\t\t\t\t<p class=\"elementor-icon-box-description\">Modelo anillos acero con piedras incruztadas<\/p>\n\t\t\t\t\t\t\t<\/div>\n\t\t<\/div>\n\t\t\t\t<\/div>\n\t\t\t\t<\/div>\n\t\t\t\t\t\t<\/div>\n\t\t\t\t\t<\/div>\n\t\t<\/div>\n\t\t\t\t<div class=\"elementor-column elementor-col-33 elementor-inner-column elementor-element elementor-element-4193e375\" data-id=\"4193e375\" data-element_type=\"column\">\n\t\t\t<div class=\"elementor-column-wrap elementor-element-populated\">\n\t\t\t\t\t\t\t<div class=\"elementor-widget-wrap\">\n\t\t\t\t\t\t<div class=\"elementor-element elementor-element-8d74d8e elementor-widget elementor-widget-image\" data-id=\"8d74d8e\" data-element_type=\"widget\" data-widget_type=\"image.default\">\n\t\t\t\t<div class=\"elementor-widget-container\">\n\t\t\t\t\t<div class=\"elementor-image\">\n\t\t\t\t\t\t\t\t\t\t<img loading=\"lazy\" decoding=\"async\" width=\"268\" height=\"300\" src=\"https:\/\/joyitasparejas.com\/wp-content\/uploads\/2020\/12\/tienda4-268x300.jpeg\" class=\"attachment-medium size-medium\" alt=\"\" srcset=\"https:\/\/joyitasparejas.com\/wp-content\/uploads\/2020\/12\/tienda4-268x300.jpeg 268w, https:\/\/joyitasparejas.com\/wp-content\/uploads\/2020\/12\/tienda4-600x671.jpeg 600w, https:\/\/joyitasparejas.com\/wp-content\/uploads\/2020\/12\/tienda4.jpeg 688w\" sizes=\"auto, (max-width: 268px) 100vw, 268px\" \/>\t\t\t\t\t\t\t\t\t\t\t<\/div>\n\t\t\t\t<\/div>\n\t\t\t\t<\/div>\n\t\t\t\t<div class=\"elementor-element elementor-element-5b6b3f29 elementor-view-stacked elementor-vertical-align-top elementor-widget elementor-widget-icon-box\" data-id=\"5b6b3f29\" data-element_type=\"widget\" data-widget_type=\"icon-box.default\">\n\t\t\t\t<div class=\"elementor-widget-container\">\n\t\t\t\t\t<div class=\"elementor-icon-box-wrapper\">\n\t\t\t\t\t\t<div class=\"elementor-icon-box-content\">\n\t\t\t\t<h3 class=\"elementor-icon-box-title\">\n\t\t\t\t\t<span >Collares Pareja<\/span>\n\t\t\t\t<\/h3>\n\t\t\t\t\t\t\t\t<p class=\"elementor-icon-box-description\">Hermosos collares en acero ba\u00f1ados en oro 14K<\/p>\n\t\t\t\t\t\t\t<\/div>\n\t\t<\/div>\n\t\t\t\t<\/div>\n\t\t\t\t<\/div>\n\t\t\t\t\t\t<\/div>\n\t\t\t\t\t<\/div>\n\t\t<\/div>\n\t\t\t\t<div class=\"elementor-column elementor-col-33 elementor-inner-column elementor-element elementor-element-272439e3\" data-id=\"272439e3\" data-element_type=\"column\">\n\t\t\t<div class=\"elementor-column-wrap elementor-element-populated\">\n\t\t\t\t\t\t\t<div class=\"elementor-widget-wrap\">\n\t\t\t\t\t\t<div class=\"elementor-element elementor-element-cb2b885 elementor-widget elementor-widget-image\" data-id=\"cb2b885\" data-element_type=\"widget\" data-widget_type=\"image.default\">\n\t\t\t\t<div class=\"elementor-widget-container\">\n\t\t\t\t\t<div class=\"elementor-image\">\n\t\t\t\t\t\t\t\t\t\t<img loading=\"lazy\" decoding=\"async\" width=\"612\" height=\"502\" src=\"https:\/\/joyitasparejas.com\/wp-content\/uploads\/2020\/12\/tienda5.jpeg\" class=\"attachment-large size-large\" alt=\"\" srcset=\"https:\/\/joyitasparejas.com\/wp-content\/uploads\/2020\/12\/tienda5.jpeg 612w, https:\/\/joyitasparejas.com\/wp-content\/uploads\/2020\/12\/tienda5-600x492.jpeg 600w, https:\/\/joyitasparejas.com\/wp-content\/uploads\/2020\/12\/tienda5-300x246.jpeg 300w\" sizes=\"auto, (max-width: 612px) 100vw, 612px\" \/>\t\t\t\t\t\t\t\t\t\t\t<\/div>\n\t\t\t\t<\/div>\n\t\t\t\t<\/div>\n\t\t\t\t<div class=\"elementor-element elementor-element-3a6690c1 elementor-view-stacked elementor-vertical-align-top elementor-widget elementor-widget-icon-box\" data-id=\"3a6690c1\" data-element_type=\"widget\" data-widget_type=\"icon-box.default\">\n\t\t\t\t<div class=\"elementor-widget-container\">\n\t\t\t\t\t<div class=\"elementor-icon-box-wrapper\">\n\t\t\t\t\t\t<div class=\"elementor-icon-box-content\">\n\t\t\t\t<h3 class=\"elementor-icon-box-title\">\n\t\t\t\t\t<span >Anillos Rey y Reyna<\/span>\n\t\t\t\t<\/h3>\n\t\t\t\t\t\t\t\t<p class=\"elementor-icon-box-description\">Anillos regulables ba\u00f1ados en plata<\/p>\n\t\t\t\t\t\t\t<\/div>\n\t\t<\/div>\n\t\t\t\t<\/div>\n\t\t\t\t<\/div>\n\t\t\t\t\t\t<\/div>\n\t\t\t\t\t<\/div>\n\t\t<\/div>\n\t\t\t\t\t\t\t\t<\/div>\n\t\t\t\t\t<\/div>\n\t\t<\/section>\n\t\t\t\t\t\t<\/div>\n\t\t\t\t\t<\/div>\n\t\t<\/div>\n\t\t\t\t\t\t\t\t<\/div>\n\t\t\t\t\t<\/div>\n\t\t<\/section>\n\t\t\t\t<section class=\"elementor-section elementor-top-section elementor-element elementor-element-1adef77e elementor-section-content-middle elementor-section-boxed elementor-section-height-default elementor-section-height-default\" data-id=\"1adef77e\" data-element_type=\"section\">\n\t\t\t\t\t\t<div class=\"elementor-container elementor-column-gap-no\">\n\t\t\t\t\t\t\t<div class=\"elementor-row\">\n\t\t\t\t\t<div class=\"elementor-column elementor-col-50 elementor-top-column elementor-element elementor-element-283ed6f6\" data-id=\"283ed6f6\" data-element_type=\"column\">\n\t\t\t<div class=\"elementor-column-wrap elementor-element-populated\">\n\t\t\t\t\t\t\t<div class=\"elementor-widget-wrap\">\n\t\t\t\t\t\t<div class=\"elementor-element elementor-element-a70fa3d elementor-widget elementor-widget-heading\" data-id=\"a70fa3d\" data-element_type=\"widget\" data-widget_type=\"heading.default\">\n\t\t\t\t<div class=\"elementor-widget-container\">\n\t\t\t<h5 class=\"elementor-heading-title elementor-size-default\">Contacto<\/h5>\t\t<\/div>\n\t\t\t\t<\/div>\n\t\t\t\t<div class=\"elementor-element elementor-element-3c36384f elementor-widget elementor-widget-heading\" data-id=\"3c36384f\" data-element_type=\"widget\" data-widget_type=\"heading.default\">\n\t\t\t\t<div class=\"elementor-widget-container\">\n\t\t\t<h4 class=\"elementor-heading-title elementor-size-default\">Contacto<\/h4>\t\t<\/div>\n\t\t\t\t<\/div>\n\t\t\t\t<div class=\"elementor-element elementor-element-737eb5cc elementor-widget elementor-widget-heading\" data-id=\"737eb5cc\" data-element_type=\"widget\" data-widget_type=\"heading.default\">\n\t\t\t\t<div class=\"elementor-widget-container\">\n\t\t\t<h4 class=\"elementor-heading-title elementor-size-default\"><a href=\"https:\/\/www.facebook.com\/carlos.carlos.878\/\">Facebook: https:\/\/www.facebook.com\/carlos.carlos.878\/<\/a><\/h4>\t\t<\/div>\n\t\t\t\t<\/div>\n\t\t\t\t<div class=\"elementor-element elementor-element-f3fef04 elementor-shape-square elementor-grid-0 elementor-widget elementor-widget-social-icons\" data-id=\"f3fef04\" data-element_type=\"widget\" data-widget_type=\"social-icons.default\">\n\t\t\t\t<div class=\"elementor-widget-container\">\n\t\t\t\t\t<div class=\"elementor-social-icons-wrapper elementor-grid\">\n\t\t\t\t\t\t\t<div class=\"elementor-grid-item\">\n\t\t\t\t\t<a class=\"elementor-icon elementor-social-icon elementor-social-icon-facebook-f elementor-animation-grow elementor-repeater-item-9c86cde\" href=\"https:\/\/www.facebook.com\/carlos.carlos.878\/\" target=\"_blank\">\n\t\t\t\t\t\t<span class=\"elementor-screen-only\">Facebook-f<\/span>\n\t\t\t\t\t\t<i class=\"fab fa-facebook-f\"><\/i>\t\t\t\t\t<\/a>\n\t\t\t\t<\/div>\n\t\t\t\t\t<\/div>\n\t\t\t\t<\/div>\n\t\t\t\t<\/div>\n\t\t\t\t\t\t<\/div>\n\t\t\t\t\t<\/div>\n\t\t<\/div>\n\t\t\t\t<div class=\"elementor-column elementor-col-50 elementor-top-column elementor-element elementor-element-12c5f89f\" data-id=\"12c5f89f\" data-element_type=\"column\">\n\t\t\t<div class=\"elementor-column-wrap elementor-element-populated\">\n\t\t\t\t\t\t\t<div class=\"elementor-widget-wrap\">\n\t\t\t\t\t\t<div class=\"elementor-element elementor-element-67266513 elementor-widget elementor-widget-google_maps\" data-id=\"67266513\" data-element_type=\"widget\" data-widget_type=\"google_maps.default\">\n\t\t\t\t<div class=\"elementor-widget-container\">\n\t\t\t<div class=\"elementor-custom-embed\"><iframe frameborder=\"0\" scrolling=\"no\" marginheight=\"0\" marginwidth=\"0\" src=\"https:\/\/maps.google.com\/maps?q=yanahuara%2C%20arequipa&amp;t=m&amp;z=18&amp;output=embed&amp;iwloc=near\" title=\"yanahuara, arequipa\" aria-label=\"yanahuara, arequipa\"><\/iframe><\/div>\t\t<\/div>\n\t\t\t\t<\/div>\n\t\t\t\t\t\t<\/div>\n\t\t\t\t\t<\/div>\n\t\t<\/div>\n\t\t\t\t\t\t\t\t<\/div>\n\t\t\t\t\t<\/div>\n\t\t<\/section>\n\t\t\t\t\t\t<\/div>\n\t\t\t\t\t\t<\/div>\n\t\t\t\t\t<\/div>\n\t\t","protected":false},"excerpt":{"rendered":"<p>Compra en L\u00ednea Tu tienda para comprar en l\u00ednea lo que m\u00e1s te gusta&#8230; COMPRAR AHORA Anillos Acero Modelo anillos acero con piedras incruztadas Collares Pareja Hermosos collares en acero ba\u00f1ados en oro 14K Anillos Rey y Reyna Anillos regulables ba\u00f1ados en plata Contacto Contacto Facebook: https:\/\/www.facebook.com\/carlos.carlos.878\/ Facebook-f<\/p>\n","protected":false},"author":1,"featured_media":0,"parent":0,"menu_order":0,"comment_status":"closed","ping_status":"closed","template":"","meta":{"footnotes":""},"class_list":["post-30","page","type-page","status-publish","hentry"],"yoast_head":"<!-- This site is optimized with the Yoast SEO plugin v16.3 - https:\/\/yoast.com\/wordpress\/plugins\/seo\/ -->\n<title>Inicio - JOYITAS<\/title>\n<meta name=\"robots\" content=\"index, follow, max-snippet:-1, max-image-preview:large, max-video-preview:-1\" \/>\n<link rel=\"canonical\" href=\"https:\/\/joyitasparejas.com\/index.php\/inicio-pagina-principal\/\" \/>\n<meta property=\"og:locale\" content=\"es_ES\" \/>\n<meta property=\"og:type\" content=\"article\" \/>\n<meta property=\"og:title\" content=\"Inicio - JOYITAS\" \/>\n<meta property=\"og:description\" content=\"Compra en L\u00ednea Tu tienda para comprar en l\u00ednea lo que m\u00e1s te gusta&#8230; COMPRAR AHORA Anillos Acero Modelo anillos acero con piedras incruztadas Collares Pareja Hermosos collares en acero ba\u00f1ados en oro 14K Anillos Rey y Reyna Anillos regulables ba\u00f1ados en plata Contacto Contacto Facebook: https:\/\/www.facebook.com\/carlos.carlos.878\/ Facebook-f\" \/>\n<meta property=\"og:url\" content=\"https:\/\/joyitasparejas.com\/index.php\/inicio-pagina-principal\/\" \/>\n<meta property=\"og:site_name\" content=\"JOYITAS\" \/>\n<meta property=\"article:modified_time\" content=\"2021-06-16T03:18:59+00:00\" \/>\n<meta property=\"og:image\" content=\"http:\/\/joyitasparejas.com\/wp-content\/uploads\/2020\/12\/tienda3.jpeg\" \/>\n<meta name=\"twitter:card\" content=\"summary_large_image\" \/>\n<meta name=\"twitter:label1\" content=\"Tiempo de lectura\">\n\t<meta name=\"twitter:data1\" content=\"1 minuto\">\n<script type=\"application\/ld+json\" class=\"yoast-schema-graph\">{\"@context\":\"https:\/\/schema.org\",\"@graph\":[{\"@type\":\"WebSite\",\"@id\":\"https:\/\/joyitasparejas.com\/#website\",\"url\":\"https:\/\/joyitasparejas.com\/\",\"name\":\"JOYITAS\",\"description\":\"JOYITAS PERU\",\"potentialAction\":[{\"@type\":\"SearchAction\",\"target\":\"https:\/\/joyitasparejas.com\/?s={search_term_string}\",\"query-input\":\"required name=search_term_string\"}],\"inLanguage\":\"es\"},{\"@type\":\"ImageObject\",\"@id\":\"https:\/\/joyitasparejas.com\/index.php\/inicio-pagina-principal\/#primaryimage\",\"inLanguage\":\"es\",\"url\":\"http:\/\/joyitasparejas.com\/wp-content\/uploads\/2020\/12\/tienda3.jpeg\",\"contentUrl\":\"http:\/\/joyitasparejas.com\/wp-content\/uploads\/2020\/12\/tienda3.jpeg\"},{\"@type\":\"WebPage\",\"@id\":\"https:\/\/joyitasparejas.com\/index.php\/inicio-pagina-principal\/#webpage\",\"url\":\"https:\/\/joyitasparejas.com\/index.php\/inicio-pagina-principal\/\",\"name\":\"Inicio - JOYITAS\",\"isPartOf\":{\"@id\":\"https:\/\/joyitasparejas.com\/#website\"},\"primaryImageOfPage\":{\"@id\":\"https:\/\/joyitasparejas.com\/index.php\/inicio-pagina-principal\/#primaryimage\"},\"datePublished\":\"2020-12-20T00:14:41+00:00\",\"dateModified\":\"2021-06-16T03:18:59+00:00\",\"breadcrumb\":{\"@id\":\"https:\/\/joyitasparejas.com\/index.php\/inicio-pagina-principal\/#breadcrumb\"},\"inLanguage\":\"es\",\"potentialAction\":[{\"@type\":\"ReadAction\",\"target\":[\"https:\/\/joyitasparejas.com\/index.php\/inicio-pagina-principal\/\"]}]},{\"@type\":\"BreadcrumbList\",\"@id\":\"https:\/\/joyitasparejas.com\/index.php\/inicio-pagina-principal\/#breadcrumb\",\"itemListElement\":[{\"@type\":\"ListItem\",\"position\":1,\"item\":{\"@type\":\"WebPage\",\"@id\":\"https:\/\/joyitasparejas.com\/\",\"url\":\"https:\/\/joyitasparejas.com\/\",\"name\":\"Portada\"}},{\"@type\":\"ListItem\",\"position\":2,\"item\":{\"@id\":\"https:\/\/joyitasparejas.com\/index.php\/inicio-pagina-principal\/#webpage\"}}]}]}<\/script>\n<!-- \/ Yoast SEO plugin. -->","_links":{"self":[{"href":"https:\/\/joyitasparejas.com\/index.php\/wp-json\/wp\/v2\/pages\/30","targetHints":{"allow":["GET"]}}],"collection":[{"href":"https:\/\/joyitasparejas.com\/index.php\/wp-json\/wp\/v2\/pages"}],"about":[{"href":"https:\/\/joyitasparejas.com\/index.php\/wp-json\/wp\/v2\/types\/page"}],"author":[{"embeddable":true,"href":"https:\/\/joyitasparejas.com\/index.php\/wp-json\/wp\/v2\/users\/1"}],"replies":[{"embeddable":true,"href":"https:\/\/joyitasparejas.com\/index.php\/wp-json\/wp\/v2\/comments?post=30"}],"version-history":[{"count":49,"href":"https:\/\/joyitasparejas.com\/index.php\/wp-json\/wp\/v2\/pages\/30\/revisions"}],"predecessor-version":[{"id":383,"href":"https:\/\/joyitasparejas.com\/index.php\/wp-json\/wp\/v2\/pages\/30\/revisions\/383"}],"wp:attachment":[{"href":"https:\/\/joyitasparejas.com\/index.php\/wp-json\/wp\/v2\/media?parent=30"}],"curies":[{"name":"wp","href":"https:\/\/api.w.org\/{rel}","templated":true}]}}